{"id":2942,"date":"2025-06-12T07:56:43","date_gmt":"2025-06-12T07:56:43","guid":{"rendered":"https:\/\/3denou.tandem.ws\/?page_id=2942"},"modified":"2025-10-09T08:44:07","modified_gmt":"2025-10-09T08:44:07","slug":"disseny-editorial","status":"publish","type":"page","link":"https:\/\/3denou.com\/es\/disseny-editorial\/","title":{"rendered":"Dise\u00f1o editorial"},"content":{"rendered":"<div class=\"gb-container gb-container-5541f5b5 alignfull\">\n<div class=\"gb-container gb-container-e6a8032f\">\n\n<figure class=\"wp-block-image size-full\"><img loading=\"lazy\" decoding=\"async\" width=\"2000\" height=\"450\" src=\"https:\/\/3denou.com\/wp-content\/uploads\/2025\/07\/disseny-editorial-baner.jpg\" alt=\"\" class=\"wp-image-3442\" srcset=\"https:\/\/3denou.com\/wp-content\/uploads\/2025\/07\/disseny-editorial-baner.jpg 2000w, https:\/\/3denou.com\/wp-content\/uploads\/2025\/07\/disseny-editorial-baner-300x68.jpg 300w, https:\/\/3denou.com\/wp-content\/uploads\/2025\/07\/disseny-editorial-baner-1024x230.jpg 1024w, https:\/\/3denou.com\/wp-content\/uploads\/2025\/07\/disseny-editorial-baner-768x173.jpg 768w, https:\/\/3denou.com\/wp-content\/uploads\/2025\/07\/disseny-editorial-baner-1536x346.jpg 1536w, https:\/\/3denou.com\/wp-content\/uploads\/2025\/07\/disseny-editorial-baner-18x4.jpg 18w\" sizes=\"auto, (max-width: 2000px) 100vw, 2000px\" \/><\/figure>\n\n<\/div>\n<\/div>\n\n\n<h2 class=\"gb-headline gb-headline-5a113f5a gb-headline-text animated fadeInUp delay-100ms faster\">\u201cEl poder de las palabras,<\/h2>\n\n\n\n<h2 class=\"gb-headline gb-headline-0aa10728 gb-headline-text animated fadeInUp delay-200ms faster\">la magia del dise\u00f1o editorial\u201d<\/h2>\n\n\n<div class=\"gb-container gb-container-069db186 animated fadeInUp delay-200ms faster\">\n\n<div class=\"wp-block-columns is-layout-flex wp-container-core-columns-is-layout-9d6595d7 wp-block-columns-is-layout-flex\">\n<div class=\"wp-block-column is-layout-flow wp-block-column-is-layout-flow\">\n<p>\u00a1Transforma tus ideas con nuestro servicio de maquetaci\u00f3n y dise\u00f1o gr\u00e1fico para el mundo editorial!<\/p>\n\n\n\n<p>En nuestra empresa, entendemos que cada libro o publicaci\u00f3n tiene una historia \u00fanica y merece ser presentado de forma personalizada. Con nuestros servicios de maquetaci\u00f3n y dise\u00f1o gr\u00e1fico especializados en el mundo editorial, ayudaremos a potenciar tu proyecto, combinando la est\u00e9tica visual con la funcionalidad.<\/p>\n\n\n\n<p>El nostre equip de dissenyadors gr\u00e0fics es centrar\u00e0 en capturar l&#8217;ess\u00e8ncia del teu projecte i transmetre-la a trav\u00e9s d&#8217;un disseny captivador. Des de l&#8217;elecci\u00f3 de la tipografia fins a la creaci\u00f3 d&#8217;una composici\u00f3 visualment atractiva, cada element es cuida meticulosament per aconseguir un bon resultat.<\/p>\n<\/div>\n\n\n\n<div class=\"wp-block-column is-layout-flow wp-block-column-is-layout-flow\">\n<p>No s\u00f3lo nos preocupa la apariencia visual, sino tambi\u00e9n la experiencia del lector. Nos aseguramos que el dise\u00f1o sea intuitivo, facilitando la lectura y la inmersi\u00f3n en la historia. Adem\u00e1s optimizamos la legibilidad, los espacios en blanco y la estructura del texto para que cada p\u00e1gina sea visual y de f\u00e1cil lectura.<\/p>\n\n\n\n<p>Adem\u00e1s de la maquetaci\u00f3n, nuestro servicio de dise\u00f1o gr\u00e1fico ofrece la posibilidad de crear el dise\u00f1o de las cubiertas y los elementos promocionales. Sea una portada que capture la esencia de tu proyecto o material publicitario para promocionarlo.<\/p>\n\n\n\n<p>Trabajamos mano a mano contigo, comprendiendo tus necesidades y visi\u00f3n, para ofrecerte el mejor resultado. Nuestros servicios se adaptan a tus requisitos y plazos, ofreci\u00e9ndote un trabajo de calidad y puntualidad.<\/p>\n<\/div>\n<\/div>\n\n<\/div>\n\n\n<div class=\"gb-element-9b383eb1 alignfull\">\n<h3 class=\"gb-headline gb-headline-4a3904c2 gb-headline-text animated fadeInUp delay-200ms faster\"><strong>Proyectos destacados<\/strong><\/h3>\n\n\n\n<div class=\"gb-element-90c3336d\"><div class=\"wp-block-tandem-post-carousel\" data-slick=\"{&quot;adaptiveHeight&quot;:false,&quot;autoplay&quot;:true,&quot;autoplaySpeed&quot;:4000,&quot;arrows&quot;:false,&quot;centerMode&quot;:false,&quot;dots&quot;:true,&quot;infinite&quot;:true,&quot;initialSlide&quot;:0,&quot;pauseOnFocus&quot;:true,&quot;pauseOnHover&quot;:true,&quot;pauseOnDotsHover&quot;:true,&quot;slidesToShow&quot;:4,&quot;slidesToScroll&quot;:1,&quot;variableWidth&quot;:false,&quot;responsive&quot;:[{&quot;breakpoint&quot;:1024,&quot;settings&quot;:{&quot;slidesToShow&quot;:2,&quot;slidesToScroll&quot;:1}},{&quot;breakpoint&quot;:600,&quot;settings&quot;:{&quot;slidesToShow&quot;:1,&quot;slidesToScroll&quot;:1}}]}\"><div class=\"wp-block-tandem-post-carousel__slide\">\n<a class=\"gb-element-8b2984a6 link_graella\" href=\"https:\/\/3denou.com\/es\/projecte\/finques-saura-branding\/\">\n<div class=\"gb-element-e018adb1\" style=\"--inline-bg-image: url(https:\/\/3denou.com\/wp-content\/uploads\/2026\/01\/Finques-Saura-mobil-ma.jpg)\">\n<div class=\"gb-element-3d1e6363 titol_graella\">\n<h3 class=\"gb-text gb-text-effbb9ef titol_graella\">FINQUES SAURA BRANDING<\/h3>\n<\/div>\n<\/div>\n<\/a>\n<\/div><div class=\"wp-block-tandem-post-carousel__slide\">\n<a class=\"gb-element-8b2984a6 link_graella\" href=\"https:\/\/3denou.com\/es\/projecte\/ins-ehtb-productes-promocionals\/\">\n<div class=\"gb-element-e018adb1\" style=\"--inline-bg-image: url(https:\/\/3denou.com\/wp-content\/uploads\/2013\/07\/MUG-EHTB.jpg)\">\n<div class=\"gb-element-3d1e6363 titol_graella\">\n<h3 class=\"gb-text gb-text-effbb9ef titol_graella\">Ins EHTB \u2013 Productos promocionals<\/h3>\n<\/div>\n<\/div>\n<\/a>\n<\/div><div class=\"wp-block-tandem-post-carousel__slide\">\n<a class=\"gb-element-8b2984a6 link_graella\" href=\"https:\/\/3denou.com\/es\/projecte\/outils-wolf-retolacio\/\">\n<div class=\"gb-element-e018adb1\" style=\"--inline-bg-image: url(https:\/\/3denou.com\/wp-content\/uploads\/2025\/06\/OUTILS-tanca-equips.jpg)\">\n<div class=\"gb-element-3d1e6363 titol_graella\">\n<h3 class=\"gb-text gb-text-effbb9ef titol_graella\">Outils  Wolf &#8211; retolaci\u00f3<\/h3>\n<\/div>\n<\/div>\n<\/a>\n<\/div><div class=\"wp-block-tandem-post-carousel__slide\">\n<a class=\"gb-element-8b2984a6 link_graella\" href=\"https:\/\/3denou.com\/es\/projecte\/pedrigolet-web\/\">\n<div class=\"gb-element-e018adb1\" style=\"--inline-bg-image: url(https:\/\/3denou.com\/wp-content\/uploads\/2019\/01\/Pedrigolet-web-portafoli.jpg)\">\n<div class=\"gb-element-3d1e6363 titol_graella\">\n<h3 class=\"gb-text gb-text-effbb9ef titol_graella\">Pedrigolet &#8211; web<\/h3>\n<\/div>\n<\/div>\n<\/a>\n<\/div><div class=\"wp-block-tandem-post-carousel__slide\">\n<a class=\"gb-element-8b2984a6 link_graella\" href=\"https:\/\/3denou.com\/es\/projecte\/recull-puignau\/\">\n<div class=\"gb-element-e018adb1\" style=\"--inline-bg-image: url(https:\/\/3denou.com\/wp-content\/uploads\/2025\/06\/Consorci-llibre-portafoli.jpg)\">\n<div class=\"gb-element-3d1e6363 titol_graella\">\n<h3 class=\"gb-text gb-text-effbb9ef titol_graella\">Recull Puignau &#8211; Editorial<\/h3>\n<\/div>\n<\/div>\n<\/a>\n<\/div><div class=\"wp-block-tandem-post-carousel__slide\">\n<a class=\"gb-element-8b2984a6 link_graella\" href=\"https:\/\/3denou.com\/es\/projecte\/museus-espai-de-benestar\/\">\n<div class=\"gb-element-e018adb1\" style=\"--inline-bg-image: url(https:\/\/3denou.com\/wp-content\/uploads\/2025\/04\/MUSEUS-ESPAI-DE-BENESTAR-grafic.jpg)\">\n<div class=\"gb-element-3d1e6363 titol_graella\">\n<h3 class=\"gb-text gb-text-effbb9ef titol_graella\">Museus Espais de benestar &#8211; gr\u00e0fica<\/h3>\n<\/div>\n<\/div>\n<\/a>\n<\/div><div class=\"wp-block-tandem-post-carousel__slide\">\n<a class=\"gb-element-8b2984a6 link_graella\" href=\"https:\/\/3denou.com\/es\/projecte\/dipsalut\/\">\n<div class=\"gb-element-e018adb1\" style=\"--inline-bg-image: url(https:\/\/3denou.com\/wp-content\/uploads\/2025\/03\/DIPSALUT-portafoli.jpg)\">\n<div class=\"gb-element-3d1e6363 titol_graella\">\n<h3 class=\"gb-text gb-text-effbb9ef titol_graella\">Dipsalut &#8211; Powerpoint<\/h3>\n<\/div>\n<\/div>\n<\/a>\n<\/div><div class=\"wp-block-tandem-post-carousel__slide\">\n<a class=\"gb-element-8b2984a6 link_graella\" href=\"https:\/\/3denou.com\/es\/projecte\/poum-cadaques\/\">\n<div class=\"gb-element-e018adb1\" style=\"--inline-bg-image: url(https:\/\/3denou.com\/wp-content\/uploads\/2022\/02\/POUM-portafoli.jpg)\">\n<div class=\"gb-element-3d1e6363 titol_graella\">\n<h3 class=\"gb-text gb-text-effbb9ef titol_graella\">Poum  Cadaqu\u00e9s &#8211; Identitat visual<\/h3>\n<\/div>\n<\/div>\n<\/a>\n<\/div><\/div><\/div>\n<\/div>\n\n\n\n<div class=\"gb-element-4a837389 alignfull\"><div class=\"gb-container gb-container-157f4d9a\">\n<div class=\"gb-container gb-container-0dfa3ff6\">\n\n<figure class=\"gb-block-image gb-block-image-62dad31a\"><img loading=\"lazy\" decoding=\"async\" width=\"493\" height=\"375\" class=\"gb-image gb-image-62dad31a animated fadeInLeft delay-200ms faster\" src=\"https:\/\/3denou.com\/wp-content\/uploads\/2025\/04\/Megafon-e1746456148540.gif\" alt=\"\" title=\"Megafon\"\/><\/figure>\n\n<\/div>\n\n<div class=\"gb-container gb-container-46a476a0\">\n\n<h2 class=\"gb-headline gb-headline-1a73a2f9 gb-headline-text animated fadeInUp delay-200ms faster\">\u00bfQuieres saber m\u00e1s sobre nosotros?<\/h2>\n\n\n\n<h3 class=\"gb-headline gb-headline-4a8bba31 gb-headline-text animated fadeInUp o-anim-custom-delay o-anim-value-delay-400ms faster\">\u00a1Pong\u00e1monos en contacto!<\/h3>\n\n<\/div>\n\n<div class=\"gb-container gb-container-28561a8f\">\n\n<a class=\"gb-button gb-button-2bda8910 gb-button-text animated fadeInUp delay-200ms faster\" href=\"\/es\/contacte\/\" rel=\"nofollow\">CONTACTO<\/a>\n\n<\/div>\n<\/div><\/div>\n\n\n<div class=\"gb-container gb-container-98db320a alignfull\">\n<div class=\"gb-container gb-container-bdf0fb12\">\n<div class=\"gb-container gb-container-5a21b195\">\n<div class=\"gb-container gb-container-94701106\">\n\n<h2 class=\"gb-headline gb-headline-ebf29649\"><span class=\"gb-icon\"><svg aria-hidden=\"true\" role=\"img\" height=\"1em\" width=\"1em\" viewbox=\"0 0 448 512\" xmlns=\"http:\/\/www.w3.org\/2000\/svg\"><path fill=\"currentColor\" d=\"M224.1 141c-63.6 0-114.9 51.3-114.9 114.9s51.3 114.9 114.9 114.9S339 319.5 339 255.9 287.7 141 224.1 141zm0 189.6c-41.1 0-74.7-33.5-74.7-74.7s33.5-74.7 74.7-74.7 74.7 33.5 74.7 74.7-33.6 74.7-74.7 74.7zm146.4-194.3c0 14.9-12 26.8-26.8 26.8-14.9 0-26.8-12-26.8-26.8s12-26.8 26.8-26.8 26.8 12 26.8 26.8zm76.1 27.2c-1.7-35.9-9.9-67.7-36.2-93.9-26.2-26.2-58-34.4-93.9-36.2-37-2.1-147.9-2.1-184.9 0-35.8 1.7-67.6 9.9-93.9 36.1s-34.4 58-36.2 93.9c-2.1 37-2.1 147.9 0 184.9 1.7 35.9 9.9 67.7 36.2 93.9s58 34.4 93.9 36.2c37 2.1 147.9 2.1 184.9 0 35.9-1.7 67.7-9.9 93.9-36.2 26.2-26.2 34.4-58 36.2-93.9 2.1-37 2.1-147.8 0-184.8zM398.8 388c-7.8 19.6-22.9 34.7-42.6 42.6-29.5 11.7-99.5 9-132.1 9s-102.7 2.6-132.1-9c-19.6-7.8-34.7-22.9-42.6-42.6-11.7-29.5-9-99.5-9-132.1s-2.6-102.7 9-132.1c7.8-19.6 22.9-34.7 42.6-42.6 29.5-11.7 99.5-9 132.1-9s102.7-2.6 132.1 9c19.6 7.8 34.7 22.9 42.6 42.6 11.7 29.5 9 99.5 9 132.1s2.7 102.7-9 132.1z\"><\/path><\/svg><\/span><span class=\"gb-headline-text\">Sigue el estudio en Instagram<\/span><\/h2>\n\n<\/div>\n\n<div class=\"gb-container gb-container-88753cfa\">\n<div class=\"gb-container gb-container-cf9ad848\">\n\n<a class=\"gb-button gb-button-7d386cea gb-button-text\" href=\"https:\/\/www.instagram.com\/3denou_dissenygrafic\/?hl=es\" target=\"_blank\" rel=\"noopener noreferrer\">@3denou_dissenygrafic<\/a>\n\n<\/div>\n<\/div>\n<\/div>\n<\/div>\n<\/div>","protected":false},"excerpt":{"rendered":"<p>\u201cEl poder de les paraules, la m\u00e0gia del dissenyeditorial&#8221; Transforma les teves idees amb el nostre servei de maquetaci\u00f3 i disseny gr\u00e0fic per al m\u00f3n editorial! En la nostra empresa, entenem que cada llibre o publicaci\u00f3 t\u00e9 una hist\u00f2ria \u00fanica i mereix ser presentat d&#8217;una manera personalitzada. Amb els nostres serveis de maquetaci\u00f3 i disseny &#8230; <a title=\"Dise\u00f1o editorial\" class=\"read-more\" href=\"https:\/\/3denou.com\/es\/disseny-editorial\/\" aria-label=\"Leer m\u00e1s sobre Disseny editorial\">Leer m\u00e1s<\/a><\/p>","protected":false},"author":2,"featured_media":0,"parent":0,"menu_order":0,"comment_status":"closed","ping_status":"closed","template":"","meta":{"_acf_changed":false,"_joinchat":[],"footnotes":""},"class_list":["post-2942","page","type-page","status-publish"],"acf":[],"yoast_head":"<!-- This site is optimized with the Yoast SEO plugin v26.5 - https:\/\/yoast.com\/wordpress\/plugins\/seo\/ -->\n<title>Disseny editorial - 3denou<\/title>\n<meta name=\"robots\" content=\"index, follow, max-snippet:-1, max-image-preview:large, max-video-preview:-1\" \/>\n<link rel=\"canonical\" href=\"https:\/\/3denou.com\/es\/disseny-editorial\/\" \/>\n<meta property=\"og:locale\" content=\"es_ES\" \/>\n<meta property=\"og:type\" content=\"article\" \/>\n<meta property=\"og:title\" content=\"Disseny editorial - 3denou\" \/>\n<meta property=\"og:description\" content=\"\u201cEl poder de les paraules, la m\u00e0gia del dissenyeditorial&#8221; Transforma les teves idees amb el nostre servei de maquetaci\u00f3 i disseny gr\u00e0fic per al m\u00f3n editorial! En la nostra empresa, entenem que cada llibre o publicaci\u00f3 t\u00e9 una hist\u00f2ria \u00fanica i mereix ser presentat d&#8217;una manera personalitzada. Amb els nostres serveis de maquetaci\u00f3 i disseny ... Leer m\u00e1s\" \/>\n<meta property=\"og:url\" content=\"https:\/\/3denou.com\/es\/disseny-editorial\/\" \/>\n<meta property=\"og:site_name\" content=\"3denou\" \/>\n<meta property=\"article:publisher\" content=\"https:\/\/www.facebook.com\/people\/3denou-Publicitat\/100063588969357\/\" \/>\n<meta property=\"article:modified_time\" content=\"2025-10-09T08:44:07+00:00\" \/>\n<meta property=\"og:image\" content=\"https:\/\/3denou.com\/wp-content\/uploads\/2025\/07\/disseny-editorial-baner.jpg\" \/>\n\t<meta property=\"og:image:width\" content=\"2000\" \/>\n\t<meta property=\"og:image:height\" content=\"450\" \/>\n\t<meta property=\"og:image:type\" content=\"image\/jpeg\" \/>\n<meta name=\"twitter:card\" content=\"summary_large_image\" \/>\n<meta name=\"twitter:label1\" content=\"Tiempo de lectura\" \/>\n\t<meta name=\"twitter:data1\" content=\"2 minutos\" \/>\n<script type=\"application\/ld+json\" class=\"yoast-schema-graph\">{\"@context\":\"https:\/\/schema.org\",\"@graph\":[{\"@type\":\"WebPage\",\"@id\":\"https:\/\/3denou.com\/disseny-editorial\/\",\"url\":\"https:\/\/3denou.com\/disseny-editorial\/\",\"name\":\"Disseny editorial - 3denou\",\"isPartOf\":{\"@id\":\"https:\/\/3denou.com\/#website\"},\"primaryImageOfPage\":{\"@id\":\"https:\/\/3denou.com\/disseny-editorial\/#primaryimage\"},\"image\":{\"@id\":\"https:\/\/3denou.com\/disseny-editorial\/#primaryimage\"},\"thumbnailUrl\":\"https:\/\/3denou.com\/wp-content\/uploads\/2025\/07\/disseny-editorial-baner.jpg\",\"datePublished\":\"2025-06-12T07:56:43+00:00\",\"dateModified\":\"2025-10-09T08:44:07+00:00\",\"breadcrumb\":{\"@id\":\"https:\/\/3denou.com\/disseny-editorial\/#breadcrumb\"},\"inLanguage\":\"es\",\"potentialAction\":[{\"@type\":\"ReadAction\",\"target\":[\"https:\/\/3denou.com\/disseny-editorial\/\"]}]},{\"@type\":\"ImageObject\",\"inLanguage\":\"es\",\"@id\":\"https:\/\/3denou.com\/disseny-editorial\/#primaryimage\",\"url\":\"https:\/\/3denou.com\/wp-content\/uploads\/2025\/07\/disseny-editorial-baner.jpg\",\"contentUrl\":\"https:\/\/3denou.com\/wp-content\/uploads\/2025\/07\/disseny-editorial-baner.jpg\"},{\"@type\":\"BreadcrumbList\",\"@id\":\"https:\/\/3denou.com\/disseny-editorial\/#breadcrumb\",\"itemListElement\":[{\"@type\":\"ListItem\",\"position\":1,\"name\":\"Inici\",\"item\":\"https:\/\/3denou.com\/\"},{\"@type\":\"ListItem\",\"position\":2,\"name\":\"Disseny editorial\"}]},{\"@type\":\"WebSite\",\"@id\":\"https:\/\/3denou.com\/#website\",\"url\":\"https:\/\/3denou.com\/\",\"name\":\"3denou\",\"description\":\"disseny gr\u00e0fic\",\"publisher\":{\"@id\":\"https:\/\/3denou.com\/#organization\"},\"potentialAction\":[{\"@type\":\"SearchAction\",\"target\":{\"@type\":\"EntryPoint\",\"urlTemplate\":\"https:\/\/3denou.com\/?s={search_term_string}\"},\"query-input\":{\"@type\":\"PropertyValueSpecification\",\"valueRequired\":true,\"valueName\":\"search_term_string\"}}],\"inLanguage\":\"es\"},{\"@type\":\"Organization\",\"@id\":\"https:\/\/3denou.com\/#organization\",\"name\":\"3denou\",\"url\":\"https:\/\/3denou.com\/\",\"logo\":{\"@type\":\"ImageObject\",\"inLanguage\":\"es\",\"@id\":\"https:\/\/3denou.com\/#\/schema\/logo\/image\/\",\"url\":\"https:\/\/3denou.com\/wp-content\/uploads\/2023\/08\/3denou_logo.jpg\",\"contentUrl\":\"https:\/\/3denou.com\/wp-content\/uploads\/2023\/08\/3denou_logo.jpg\",\"width\":166,\"height\":70,\"caption\":\"3denou\"},\"image\":{\"@id\":\"https:\/\/3denou.com\/#\/schema\/logo\/image\/\"},\"sameAs\":[\"https:\/\/www.facebook.com\/people\/3denou-Publicitat\/100063588969357\/\",\"https:\/\/www.instagram.com\/3denou_dissenygrafic\/\"]}]}<\/script>\n<!-- \/ Yoast SEO plugin. -->","yoast_head_json":{"title":"Disseny editorial - 3denou","robots":{"index":"index","follow":"follow","max-snippet":"max-snippet:-1","max-image-preview":"max-image-preview:large","max-video-preview":"max-video-preview:-1"},"canonical":"https:\/\/3denou.com\/es\/disseny-editorial\/","og_locale":"es_ES","og_type":"article","og_title":"Disseny editorial - 3denou","og_description":"\u201cEl poder de les paraules, la m\u00e0gia del dissenyeditorial&#8221; Transforma les teves idees amb el nostre servei de maquetaci\u00f3 i disseny gr\u00e0fic per al m\u00f3n editorial! En la nostra empresa, entenem que cada llibre o publicaci\u00f3 t\u00e9 una hist\u00f2ria \u00fanica i mereix ser presentat d&#8217;una manera personalitzada. Amb els nostres serveis de maquetaci\u00f3 i disseny ... Leer m\u00e1s","og_url":"https:\/\/3denou.com\/es\/disseny-editorial\/","og_site_name":"3denou","article_publisher":"https:\/\/www.facebook.com\/people\/3denou-Publicitat\/100063588969357\/","article_modified_time":"2025-10-09T08:44:07+00:00","og_image":[{"width":2000,"height":450,"url":"https:\/\/3denou.com\/wp-content\/uploads\/2025\/07\/disseny-editorial-baner.jpg","type":"image\/jpeg"}],"twitter_card":"summary_large_image","twitter_misc":{"Tiempo de lectura":"2 minutos"},"schema":{"@context":"https:\/\/schema.org","@graph":[{"@type":"WebPage","@id":"https:\/\/3denou.com\/disseny-editorial\/","url":"https:\/\/3denou.com\/disseny-editorial\/","name":"Disseny editorial - 3denou","isPartOf":{"@id":"https:\/\/3denou.com\/#website"},"primaryImageOfPage":{"@id":"https:\/\/3denou.com\/disseny-editorial\/#primaryimage"},"image":{"@id":"https:\/\/3denou.com\/disseny-editorial\/#primaryimage"},"thumbnailUrl":"https:\/\/3denou.com\/wp-content\/uploads\/2025\/07\/disseny-editorial-baner.jpg","datePublished":"2025-06-12T07:56:43+00:00","dateModified":"2025-10-09T08:44:07+00:00","breadcrumb":{"@id":"https:\/\/3denou.com\/disseny-editorial\/#breadcrumb"},"inLanguage":"es","potentialAction":[{"@type":"ReadAction","target":["https:\/\/3denou.com\/disseny-editorial\/"]}]},{"@type":"ImageObject","inLanguage":"es","@id":"https:\/\/3denou.com\/disseny-editorial\/#primaryimage","url":"https:\/\/3denou.com\/wp-content\/uploads\/2025\/07\/disseny-editorial-baner.jpg","contentUrl":"https:\/\/3denou.com\/wp-content\/uploads\/2025\/07\/disseny-editorial-baner.jpg"},{"@type":"BreadcrumbList","@id":"https:\/\/3denou.com\/disseny-editorial\/#breadcrumb","itemListElement":[{"@type":"ListItem","position":1,"name":"Inici","item":"https:\/\/3denou.com\/"},{"@type":"ListItem","position":2,"name":"Disseny editorial"}]},{"@type":"WebSite","@id":"https:\/\/3denou.com\/#website","url":"https:\/\/3denou.com\/","name":"3denou","description":"disseny gr\u00e0fic","publisher":{"@id":"https:\/\/3denou.com\/#organization"},"potentialAction":[{"@type":"SearchAction","target":{"@type":"EntryPoint","urlTemplate":"https:\/\/3denou.com\/?s={search_term_string}"},"query-input":{"@type":"PropertyValueSpecification","valueRequired":true,"valueName":"search_term_string"}}],"inLanguage":"es"},{"@type":"Organization","@id":"https:\/\/3denou.com\/#organization","name":"3denou","url":"https:\/\/3denou.com\/","logo":{"@type":"ImageObject","inLanguage":"es","@id":"https:\/\/3denou.com\/#\/schema\/logo\/image\/","url":"https:\/\/3denou.com\/wp-content\/uploads\/2023\/08\/3denou_logo.jpg","contentUrl":"https:\/\/3denou.com\/wp-content\/uploads\/2023\/08\/3denou_logo.jpg","width":166,"height":70,"caption":"3denou"},"image":{"@id":"https:\/\/3denou.com\/#\/schema\/logo\/image\/"},"sameAs":["https:\/\/www.facebook.com\/people\/3denou-Publicitat\/100063588969357\/","https:\/\/www.instagram.com\/3denou_dissenygrafic\/"]}]}},"_links":{"self":[{"href":"https:\/\/3denou.com\/es\/wp-json\/wp\/v2\/pages\/2942","targetHints":{"allow":["GET"]}}],"collection":[{"href":"https:\/\/3denou.com\/es\/wp-json\/wp\/v2\/pages"}],"about":[{"href":"https:\/\/3denou.com\/es\/wp-json\/wp\/v2\/types\/page"}],"author":[{"embeddable":true,"href":"https:\/\/3denou.com\/es\/wp-json\/wp\/v2\/users\/2"}],"replies":[{"embeddable":true,"href":"https:\/\/3denou.com\/es\/wp-json\/wp\/v2\/comments?post=2942"}],"version-history":[{"count":5,"href":"https:\/\/3denou.com\/es\/wp-json\/wp\/v2\/pages\/2942\/revisions"}],"predecessor-version":[{"id":3620,"href":"https:\/\/3denou.com\/es\/wp-json\/wp\/v2\/pages\/2942\/revisions\/3620"}],"wp:attachment":[{"href":"https:\/\/3denou.com\/es\/wp-json\/wp\/v2\/media?parent=2942"}],"curies":[{"name":"wp","href":"https:\/\/api.w.org\/{rel}","templated":true}]}}