{"id":1713,"date":"2023-08-11T16:57:26","date_gmt":"2023-08-11T16:57:26","guid":{"rendered":"https:\/\/3denou.tandem.ws\/?page_id=1713"},"modified":"2025-10-09T09:42:20","modified_gmt":"2025-10-09T09:42:20","slug":"portafoli","status":"publish","type":"page","link":"https:\/\/3denou.com\/es\/portafoli\/","title":{"rendered":"Portafolio"},"content":{"rendered":"<div class=\"gb-container gb-container-289bb393 animated fadeInUp faster\">\n\n<h1 class=\"gb-headline gb-headline-24fa1528 gb-headline-text\">\"Del concepto a la realidad\"<\/h1>\n\n<\/div>\n\n\n<div>\n<div><div class=\"gb-looper-aed1c89c\">\n<div class=\"gb-loop-item post-3746 projecte type-projecte status-publish has-post-thumbnail hentry filtre-disseny-grafic\">\n<a class=\"gb-element-8b2984a6 link_graella\" href=\"https:\/\/3denou.com\/es\/projecte\/cartell-curs-cuina-ajuntament-forallac\/\">\n<div class=\"gb-element-e018adb1\" style=\"--inline-bg-image: url(https:\/\/3denou.com\/wp-content\/uploads\/2026\/03\/FORALLAC-cartell-cuina-2026.jpg)\">\n<div class=\"gb-element-3d1e6363 titol_graella\">\n<h3 class=\"gb-text gb-text-effbb9ef titol_graella\">CARTELL CURS CUINA &#8211; AJUNTAMENT FORALLAC<\/h3>\n<\/div>\n<\/div>\n<\/a>\n<\/div>\n\n<div class=\"gb-loop-item post-3727 projecte type-projecte status-publish has-post-thumbnail hentry destacat-destacat filtre-branding filtre-disseny-grafic\">\n<a class=\"gb-element-8b2984a6 link_graella\" href=\"https:\/\/3denou.com\/es\/projecte\/finques-saura-branding\/\">\n<div class=\"gb-element-e018adb1\" style=\"--inline-bg-image: url(https:\/\/3denou.com\/wp-content\/uploads\/2026\/01\/Finques-Saura-mobil-ma.jpg)\">\n<div class=\"gb-element-3d1e6363 titol_graella\">\n<h3 class=\"gb-text gb-text-effbb9ef titol_graella\">FINQUES SAURA BRANDING<\/h3>\n<\/div>\n<\/div>\n<\/a>\n<\/div>\n\n<div class=\"gb-loop-item post-3718 projecte type-projecte status-publish has-post-thumbnail hentry filtre-disseny-editorial\">\n<a class=\"gb-element-8b2984a6 link_graella\" href=\"https:\/\/3denou.com\/es\/projecte\/sidru-isidre-jacas-barris\/\">\n<div class=\"gb-element-e018adb1\" style=\"--inline-bg-image: url(https:\/\/3denou.com\/wp-content\/uploads\/2025\/12\/Sidru-portafoli.jpg)\">\n<div class=\"gb-element-3d1e6363 titol_graella\">\n<h3 class=\"gb-text gb-text-effbb9ef titol_graella\">SIDRU, Isidre Jacas Barris<\/h3>\n<\/div>\n<\/div>\n<\/a>\n<\/div>\n\n<div class=\"gb-loop-item post-3681 projecte type-projecte status-publish has-post-thumbnail hentry filtre-branding filtre-disseny-grafic\">\n<a class=\"gb-element-8b2984a6 link_graella\" href=\"https:\/\/3denou.com\/es\/projecte\/origen-empordanet\/\">\n<div class=\"gb-element-e018adb1\" style=\"--inline-bg-image: url(https:\/\/3denou.com\/wp-content\/uploads\/2025\/10\/LOGO-Origen-Empordanet-3.jpg)\">\n<div class=\"gb-element-3d1e6363 titol_graella\">\n<h3 class=\"gb-text gb-text-effbb9ef titol_graella\">OR\u00cdGEN EMPORDANET<\/h3>\n<\/div>\n<\/div>\n<\/a>\n<\/div>\n\n<div class=\"gb-loop-item post-3558 projecte type-projecte status-publish has-post-thumbnail hentry filtre-disseny-grafic\">\n<a class=\"gb-element-8b2984a6 link_graella\" href=\"https:\/\/3denou.com\/es\/projecte\/bisbale-una-cervesa-i-a-pastar-fang\/\">\n<div class=\"gb-element-e018adb1\" style=\"--inline-bg-image: url(https:\/\/3denou.com\/wp-content\/uploads\/2025\/10\/BISBALE-portafoli-ma.jpg)\">\n<div class=\"gb-element-3d1e6363 titol_graella\">\n<h3 class=\"gb-text gb-text-effbb9ef titol_graella\">BISBALE, una cervesa i a pastar fang!<\/h3>\n<\/div>\n<\/div>\n<\/a>\n<\/div>\n\n<div class=\"gb-loop-item post-3546 projecte type-projecte status-publish has-post-thumbnail hentry filtre-disseny-grafic\">\n<a class=\"gb-element-8b2984a6 link_graella\" href=\"https:\/\/3denou.com\/es\/projecte\/nadal-magic-begur-esclanya\/\">\n<div class=\"gb-element-e018adb1\" style=\"--inline-bg-image: url(https:\/\/3denou.com\/wp-content\/uploads\/2025\/08\/BEGUR-NADAL-portafoli.jpg)\">\n<div class=\"gb-element-3d1e6363 titol_graella\">\n<h3 class=\"gb-text gb-text-effbb9ef titol_graella\">Nadal M\u00e0gic Begur Esclany\u00e0<\/h3>\n<\/div>\n<\/div>\n<\/a>\n<\/div>\n\n<div class=\"gb-loop-item post-3539 projecte type-projecte status-publish has-post-thumbnail hentry filtre-disseny-web\">\n<a class=\"gb-element-8b2984a6 link_graella\" href=\"https:\/\/3denou.com\/es\/projecte\/ceramiques-bosch\/\">\n<div class=\"gb-element-e018adb1\" style=\"--inline-bg-image: url(https:\/\/3denou.com\/wp-content\/uploads\/2025\/08\/Bosch-web-portafoli.jpg)\">\n<div class=\"gb-element-3d1e6363 titol_graella\">\n<h3 class=\"gb-text gb-text-effbb9ef titol_graella\">Cer\u00e0miques Bosch -web comer\u00e7 electr\u00f2nic<\/h3>\n<\/div>\n<\/div>\n<\/a>\n<\/div>\n\n<div class=\"gb-loop-item post-3536 projecte type-projecte status-publish has-post-thumbnail hentry filtre-productes-promocionals\">\n<a class=\"gb-element-8b2984a6 link_graella\" href=\"https:\/\/3denou.com\/es\/projecte\/got-barraques-festa-torroella-de-montgri\/\">\n<div class=\"gb-element-e018adb1\" style=\"--inline-bg-image: url(https:\/\/3denou.com\/wp-content\/uploads\/2025\/08\/GOT-BARRAKES-2019.jpg)\">\n<div class=\"gb-element-3d1e6363 titol_graella\">\n<h3 class=\"gb-text gb-text-effbb9ef titol_graella\">Got Barraques Festa Torroella de Montgr\u00ed<\/h3>\n<\/div>\n<\/div>\n<\/a>\n<\/div>\n\n<div class=\"gb-loop-item post-3525 projecte type-projecte status-publish has-post-thumbnail hentry filtre-disseny-grafic\">\n<a class=\"gb-element-8b2984a6 link_graella\" href=\"https:\/\/3denou.com\/es\/projecte\/dia-i-nit-dels-museus\/\">\n<div class=\"gb-element-e018adb1\" style=\"--inline-bg-image: url(https:\/\/3denou.com\/wp-content\/uploads\/2025\/08\/Dia-i-nit-2025-cartell.jpg)\">\n<div class=\"gb-element-3d1e6363 titol_graella\">\n<h3 class=\"gb-text gb-text-effbb9ef titol_graella\">Dia i Nit dels Museus<\/h3>\n<\/div>\n<\/div>\n<\/a>\n<\/div>\n\n<div class=\"gb-loop-item post-3516 projecte type-projecte status-publish has-post-thumbnail hentry filtre-disseny-web\">\n<a class=\"gb-element-8b2984a6 link_graella\" href=\"https:\/\/3denou.com\/es\/projecte\/vinyes-de-la-dot-web\/\">\n<div class=\"gb-element-e018adb1\" style=\"--inline-bg-image: url(https:\/\/3denou.com\/wp-content\/uploads\/2025\/08\/WEB-VINYESDELADOT-portafoli-web.jpg)\">\n<div class=\"gb-element-3d1e6363 titol_graella\">\n<h3 class=\"gb-text gb-text-effbb9ef titol_graella\">Vinyes de la Dot &#8211; web<\/h3>\n<\/div>\n<\/div>\n<\/a>\n<\/div>\n\n<div class=\"gb-loop-item post-3512 projecte type-projecte status-publish has-post-thumbnail hentry filtre-disseny-grafic\">\n<a class=\"gb-element-8b2984a6 link_graella\" href=\"https:\/\/3denou.com\/es\/projecte\/4-peces-de-museu\/\">\n<div class=\"gb-element-e018adb1\" style=\"--inline-bg-image: url(https:\/\/3denou.com\/wp-content\/uploads\/2025\/08\/Cartell-4pecesdemuseu-portafoli.jpg)\">\n<div class=\"gb-element-3d1e6363 titol_graella\">\n<h3 class=\"gb-text gb-text-effbb9ef titol_graella\">4 Peces de Museu &#8211; cartells<\/h3>\n<\/div>\n<\/div>\n<\/a>\n<\/div>\n\n<div class=\"gb-loop-item post-3499 projecte type-projecte status-publish has-post-thumbnail hentry filtre-disseny-grafic\">\n<a class=\"gb-element-8b2984a6 link_graella\" href=\"https:\/\/3denou.com\/es\/projecte\/xii-trobada-de-pedra-seca-i-arquitectura-tradicional\/\">\n<div class=\"gb-element-e018adb1\" style=\"--inline-bg-image: url(https:\/\/3denou.com\/wp-content\/uploads\/2025\/08\/Pedra-seca-logo-1-1.jpg)\">\n<div class=\"gb-element-3d1e6363 titol_graella\">\n<h3 class=\"gb-text gb-text-effbb9ef titol_graella\">XII Trobada de Pedra Seca i Arquitectura Tradicional<\/h3>\n<\/div>\n<\/div>\n<\/a>\n<\/div>\n\n<div class=\"gb-loop-item post-3497 projecte type-projecte status-publish has-post-thumbnail hentry filtre-disseny-retolacio\">\n<a class=\"gb-element-8b2984a6 link_graella\" href=\"https:\/\/3denou.com\/es\/projecte\/rent11-lona\/\">\n<div class=\"gb-element-e018adb1\" style=\"--inline-bg-image: url(https:\/\/3denou.com\/wp-content\/uploads\/2025\/08\/RENT11-lona-portafoli.jpg)\">\n<div class=\"gb-element-3d1e6363 titol_graella\">\n<h3 class=\"gb-text gb-text-effbb9ef titol_graella\">RENT11 &#8211; lona<\/h3>\n<\/div>\n<\/div>\n<\/a>\n<\/div>\n\n<div class=\"gb-loop-item post-3491 projecte type-projecte status-publish has-post-thumbnail hentry filtre-disseny-editorial\">\n<a class=\"gb-element-8b2984a6 link_graella\" href=\"https:\/\/3denou.com\/es\/projecte\/berles-a-la-xamberga-llibre-poesia\/\">\n<div class=\"gb-element-e018adb1\" style=\"--inline-bg-image: url(https:\/\/3denou.com\/wp-content\/uploads\/2025\/08\/Berles-a-la-Xamberga-portafoli.jpg)\">\n<div class=\"gb-element-3d1e6363 titol_graella\">\n<h3 class=\"gb-text gb-text-effbb9ef titol_graella\">Berles a la xamberga -llibre poesia<\/h3>\n<\/div>\n<\/div>\n<\/a>\n<\/div>\n\n<div class=\"gb-loop-item post-3489 projecte type-projecte status-publish has-post-thumbnail hentry filtre-packaging\">\n<a class=\"gb-element-8b2984a6 link_graella\" href=\"https:\/\/3denou.com\/es\/projecte\/souralit-packaging\/\">\n<div class=\"gb-element-e018adb1\" style=\"--inline-bg-image: url(https:\/\/3denou.com\/wp-content\/uploads\/2025\/06\/SOURALIT-SACS-portafoli.jpg)\">\n<div class=\"gb-element-3d1e6363 titol_graella\">\n<h3 class=\"gb-text gb-text-effbb9ef titol_graella\">Souralit &#8211; packaging<\/h3>\n<\/div>\n<\/div>\n<\/a>\n<\/div>\n\n<div class=\"gb-loop-item post-3481 projecte type-projecte status-publish has-post-thumbnail hentry filtre-disseny-grafic\">\n<a class=\"gb-element-8b2984a6 link_graella\" href=\"https:\/\/3denou.com\/es\/projecte\/lestiu-al-terracotta\/\">\n<div class=\"gb-element-e018adb1\" style=\"--inline-bg-image: url(https:\/\/3denou.com\/wp-content\/uploads\/2025\/08\/Estiu_terracotta_2023_portafoli.jpg)\">\n<div class=\"gb-element-3d1e6363 titol_graella\">\n<h3 class=\"gb-text gb-text-effbb9ef titol_graella\">L&#8217;estiu al Terracotta<\/h3>\n<\/div>\n<\/div>\n<\/a>\n<\/div>\n<\/div>\n\n\n<div class=\"gb-element-12ee638f gb-query-loop-pagination\">\n\n<nav class=\"gb-query-page-numbers-19ffa7ae\"><span aria-current=\"page\" class=\"page-numbers current\">1<\/span>\n<a class=\"page-numbers\" href=\"?query-935304c4-page=2\">2<\/a>\n<a class=\"page-numbers\" href=\"?query-935304c4-page=3\">3<\/a>\n<a class=\"page-numbers\" href=\"?query-935304c4-page=4\">4<\/a><\/nav>\n\n\n<a class=\"gb-text-f28085f7\" href=\"\/es\/wp-json\/wp\/v2\/pages\/1713?query-935304c4-page=2\"><span class=\"gb-shape\"><svg xmlns=\"http:\/\/www.w3.org\/2000\/svg\" width=\"32\" height=\"32\" fill=\"#000000\" viewbox=\"0 0 256 256\"><path d=\"M221.66,133.66l-72,72a8,8,0,0,1-11.32-11.32L196.69,136H40a8,8,0,0,1,0-16H196.69L138.34,61.66a8,8,0,0,1,11.32-11.32l72,72A8,8,0,0,1,221.66,133.66Z\"><\/path><\/svg><\/span><\/a>\n<\/div>\n\n\n<\/div>\n<\/div>\n\n\n\n<p><\/p>","protected":false},"excerpt":{"rendered":"<p>\"Del concepto a la realidad\"<\/p>","protected":false},"author":1,"featured_media":0,"parent":0,"menu_order":0,"comment_status":"closed","ping_status":"closed","template":"","meta":{"_acf_changed":false,"_joinchat":[],"footnotes":""},"class_list":["post-1713","page","type-page","status-publish"],"acf":[],"yoast_head":"<!-- This site is optimized with the Yoast SEO plugin v26.5 - https:\/\/yoast.com\/wordpress\/plugins\/seo\/ -->\n<title>Portafoli - 3denou<\/title>\n<meta name=\"robots\" content=\"index, follow, max-snippet:-1, max-image-preview:large, max-video-preview:-1\" \/>\n<link rel=\"canonical\" href=\"https:\/\/3denou.com\/es\/portafoli\/\" \/>\n<meta property=\"og:locale\" content=\"es_ES\" \/>\n<meta property=\"og:type\" content=\"article\" \/>\n<meta property=\"og:title\" content=\"Portafoli - 3denou\" \/>\n<meta property=\"og:description\" content=\"&#8220;Del concepte a la realitat&#8221;\" \/>\n<meta property=\"og:url\" content=\"https:\/\/3denou.com\/es\/portafoli\/\" \/>\n<meta property=\"og:site_name\" content=\"3denou\" \/>\n<meta property=\"article:publisher\" content=\"https:\/\/www.facebook.com\/people\/3denou-Publicitat\/100063588969357\/\" \/>\n<meta property=\"article:modified_time\" content=\"2025-10-09T09:42:20+00:00\" \/>\n<meta name=\"twitter:card\" content=\"summary_large_image\" \/>\n<meta name=\"twitter:label1\" content=\"Tiempo de lectura\" \/>\n\t<meta name=\"twitter:data1\" content=\"1 minuto\" \/>\n<script type=\"application\/ld+json\" class=\"yoast-schema-graph\">{\"@context\":\"https:\/\/schema.org\",\"@graph\":[{\"@type\":\"WebPage\",\"@id\":\"https:\/\/3denou.com\/portafoli\/\",\"url\":\"https:\/\/3denou.com\/portafoli\/\",\"name\":\"Portafoli - 3denou\",\"isPartOf\":{\"@id\":\"https:\/\/3denou.com\/#website\"},\"datePublished\":\"2023-08-11T16:57:26+00:00\",\"dateModified\":\"2025-10-09T09:42:20+00:00\",\"breadcrumb\":{\"@id\":\"https:\/\/3denou.com\/portafoli\/#breadcrumb\"},\"inLanguage\":\"es\",\"potentialAction\":[{\"@type\":\"ReadAction\",\"target\":[\"https:\/\/3denou.com\/portafoli\/\"]}]},{\"@type\":\"BreadcrumbList\",\"@id\":\"https:\/\/3denou.com\/portafoli\/#breadcrumb\",\"itemListElement\":[{\"@type\":\"ListItem\",\"position\":1,\"name\":\"Inici\",\"item\":\"https:\/\/3denou.com\/\"},{\"@type\":\"ListItem\",\"position\":2,\"name\":\"Portafoli\"}]},{\"@type\":\"WebSite\",\"@id\":\"https:\/\/3denou.com\/#website\",\"url\":\"https:\/\/3denou.com\/\",\"name\":\"3denou\",\"description\":\"disseny gr\u00e0fic\",\"publisher\":{\"@id\":\"https:\/\/3denou.com\/#organization\"},\"potentialAction\":[{\"@type\":\"SearchAction\",\"target\":{\"@type\":\"EntryPoint\",\"urlTemplate\":\"https:\/\/3denou.com\/?s={search_term_string}\"},\"query-input\":{\"@type\":\"PropertyValueSpecification\",\"valueRequired\":true,\"valueName\":\"search_term_string\"}}],\"inLanguage\":\"es\"},{\"@type\":\"Organization\",\"@id\":\"https:\/\/3denou.com\/#organization\",\"name\":\"3denou\",\"url\":\"https:\/\/3denou.com\/\",\"logo\":{\"@type\":\"ImageObject\",\"inLanguage\":\"es\",\"@id\":\"https:\/\/3denou.com\/#\/schema\/logo\/image\/\",\"url\":\"https:\/\/3denou.com\/wp-content\/uploads\/2023\/08\/3denou_logo.jpg\",\"contentUrl\":\"https:\/\/3denou.com\/wp-content\/uploads\/2023\/08\/3denou_logo.jpg\",\"width\":166,\"height\":70,\"caption\":\"3denou\"},\"image\":{\"@id\":\"https:\/\/3denou.com\/#\/schema\/logo\/image\/\"},\"sameAs\":[\"https:\/\/www.facebook.com\/people\/3denou-Publicitat\/100063588969357\/\",\"https:\/\/www.instagram.com\/3denou_dissenygrafic\/\"]}]}<\/script>\n<!-- \/ Yoast SEO plugin. -->","yoast_head_json":{"title":"Portafoli - 3denou","robots":{"index":"index","follow":"follow","max-snippet":"max-snippet:-1","max-image-preview":"max-image-preview:large","max-video-preview":"max-video-preview:-1"},"canonical":"https:\/\/3denou.com\/es\/portafoli\/","og_locale":"es_ES","og_type":"article","og_title":"Portafoli - 3denou","og_description":"&#8220;Del concepte a la realitat&#8221;","og_url":"https:\/\/3denou.com\/es\/portafoli\/","og_site_name":"3denou","article_publisher":"https:\/\/www.facebook.com\/people\/3denou-Publicitat\/100063588969357\/","article_modified_time":"2025-10-09T09:42:20+00:00","twitter_card":"summary_large_image","twitter_misc":{"Tiempo de lectura":"1 minuto"},"schema":{"@context":"https:\/\/schema.org","@graph":[{"@type":"WebPage","@id":"https:\/\/3denou.com\/portafoli\/","url":"https:\/\/3denou.com\/portafoli\/","name":"Portafoli - 3denou","isPartOf":{"@id":"https:\/\/3denou.com\/#website"},"datePublished":"2023-08-11T16:57:26+00:00","dateModified":"2025-10-09T09:42:20+00:00","breadcrumb":{"@id":"https:\/\/3denou.com\/portafoli\/#breadcrumb"},"inLanguage":"es","potentialAction":[{"@type":"ReadAction","target":["https:\/\/3denou.com\/portafoli\/"]}]},{"@type":"BreadcrumbList","@id":"https:\/\/3denou.com\/portafoli\/#breadcrumb","itemListElement":[{"@type":"ListItem","position":1,"name":"Inici","item":"https:\/\/3denou.com\/"},{"@type":"ListItem","position":2,"name":"Portafoli"}]},{"@type":"WebSite","@id":"https:\/\/3denou.com\/#website","url":"https:\/\/3denou.com\/","name":"3denou","description":"disseny gr\u00e0fic","publisher":{"@id":"https:\/\/3denou.com\/#organization"},"potentialAction":[{"@type":"SearchAction","target":{"@type":"EntryPoint","urlTemplate":"https:\/\/3denou.com\/?s={search_term_string}"},"query-input":{"@type":"PropertyValueSpecification","valueRequired":true,"valueName":"search_term_string"}}],"inLanguage":"es"},{"@type":"Organization","@id":"https:\/\/3denou.com\/#organization","name":"3denou","url":"https:\/\/3denou.com\/","logo":{"@type":"ImageObject","inLanguage":"es","@id":"https:\/\/3denou.com\/#\/schema\/logo\/image\/","url":"https:\/\/3denou.com\/wp-content\/uploads\/2023\/08\/3denou_logo.jpg","contentUrl":"https:\/\/3denou.com\/wp-content\/uploads\/2023\/08\/3denou_logo.jpg","width":166,"height":70,"caption":"3denou"},"image":{"@id":"https:\/\/3denou.com\/#\/schema\/logo\/image\/"},"sameAs":["https:\/\/www.facebook.com\/people\/3denou-Publicitat\/100063588969357\/","https:\/\/www.instagram.com\/3denou_dissenygrafic\/"]}]}},"_links":{"self":[{"href":"https:\/\/3denou.com\/es\/wp-json\/wp\/v2\/pages\/1713","targetHints":{"allow":["GET"]}}],"collection":[{"href":"https:\/\/3denou.com\/es\/wp-json\/wp\/v2\/pages"}],"about":[{"href":"https:\/\/3denou.com\/es\/wp-json\/wp\/v2\/types\/page"}],"author":[{"embeddable":true,"href":"https:\/\/3denou.com\/es\/wp-json\/wp\/v2\/users\/1"}],"replies":[{"embeddable":true,"href":"https:\/\/3denou.com\/es\/wp-json\/wp\/v2\/comments?post=1713"}],"version-history":[{"count":36,"href":"https:\/\/3denou.com\/es\/wp-json\/wp\/v2\/pages\/1713\/revisions"}],"predecessor-version":[{"id":3632,"href":"https:\/\/3denou.com\/es\/wp-json\/wp\/v2\/pages\/1713\/revisions\/3632"}],"wp:attachment":[{"href":"https:\/\/3denou.com\/es\/wp-json\/wp\/v2\/media?parent=1713"}],"curies":[{"name":"wp","href":"https:\/\/api.w.org\/{rel}","templated":true}]}}