{"id":110,"date":"2023-08-10T16:45:12","date_gmt":"2023-08-10T16:45:12","guid":{"rendered":"https:\/\/3denou.tandem.ws\/?page_id=110"},"modified":"2025-05-05T09:43:52","modified_gmt":"2025-05-05T09:43:52","slug":"politica-de-cookies","status":"publish","type":"page","link":"https:\/\/3denou.com\/es\/politica-de-cookies\/","title":{"rendered":"Pol\u00edtica de cookies"},"content":{"rendered":"<p>Una&nbsp;<em>galeta<\/em>&nbsp;\u00e9s un petit fitxer de text que s\u2019emmagatzema en el seu navegador quan visita gaireb\u00e9 qualsevol p\u00e0gina web.&nbsp;La seva utilitat \u00e9s que la web sigui capa\u00e7 de recordar la seva visita quan torni a navegar per aquesta p\u00e0gina.&nbsp;Les&nbsp;<em>cookies<\/em>&nbsp;solen emmagatzemar informaci\u00f3 de car\u00e0cter t\u00e8cnic, prefer\u00e8ncies personals, personalitzaci\u00f3 de continguts, estad\u00edstiques d\u2019\u00fas, enlla\u00e7os a xarxes socials, acc\u00e9s a comptes d\u2019usuari, etc.&nbsp;L\u2019objectiu de la&nbsp;<em>galeta<\/em>&nbsp;\u00e9s adaptar el contingut de la web al seu perfil i necessitats, sense&nbsp;<em>cookies<\/em>&nbsp;els serveis oferts per qualsevol p\u00e0gina es veurien minvats notablement.&nbsp;Per consultar m\u00e9s informaci\u00f3 sobre qu\u00e8 s\u00f3n les&nbsp;<em>cookies<\/em>&nbsp;, qu\u00e8 s\u2019emmagatzemen, com eliminar-les, desactivar, etc.,&nbsp;<a href=\"http:\/\/camponavarino.com\/mas-informacion-sobre-las-cookies\/\">li preguem es dirigeixi a aquest enlla\u00e7.<\/a><\/p>\n\n\n\n<h4 class=\"wp-block-heading\">Cookies utilitzades en aquest lloc web<\/h4>\n\n\n\n<p>Seguint les directrius de l\u2019Ag\u00e8ncia Espanyola de Protecci\u00f3 de Dades procedim a detallar l\u2019\u00fas de&nbsp;<em>cookies<\/em>&nbsp;que fa aquesta web amb la finalitat d\u2019informar amb la m\u00e0xima exactitud possible.<\/p>\n\n\n\n<p>Aquest lloc web utilitza les seg\u00fcents&nbsp;<strong>cookies pr\u00f2pies<\/strong>&nbsp;:<\/p>\n\n\n\n<ul class=\"wp-block-list\">\n<li>Cookies de sessi\u00f3, per garantir que els usuaris que escriguin comentaris al bloc siguin humans i no aplicacions automatitzades.&nbsp;D\u2019aquesta manera es combat el&nbsp;<em>correu brossa<\/em>&nbsp;.<\/li>\n<\/ul>\n\n\n\n<p>Aquest lloc web utilitza les seg\u00fcents&nbsp;<strong>cookies de tercers<\/strong>&nbsp;:<\/p>\n\n\n\n<ul class=\"wp-block-list\">\n<li>Google Analytics: Emmagatzema&nbsp;<em>les cookies<\/em>&nbsp;per a poder elaborar estad\u00edstiques sobre el tr\u00e0nsit i volum de visites d\u2019aquest web.&nbsp;En utilitzar aquest lloc web est\u00e0 consentint el tractament d\u2019informaci\u00f3 sobre vost\u00e8 per Google.&nbsp;Per tant, l\u2019exercici de qualsevol dret en aquest sentit haur\u00e0 de fer comunicant directament amb Google.<\/li>\n\n\n\n<li>Xarxes socials: Cada xarxa social utilitza les seves pr\u00f2pies&nbsp;<em>cookies<\/em>&nbsp;per tu punxar en botons del tipus&nbsp;<em>M\u2019agrada<\/em>&nbsp;o&nbsp;<em>Compartir<\/em>&nbsp;.<\/li>\n<\/ul>\n\n\n\n<h4 class=\"wp-block-heading\">Desactivaci\u00f3 o eliminaci\u00f3 de cookies<\/h4>\n\n\n\n<p>En qualsevol moment podr\u00e0 exercir el seu dret de desactivaci\u00f3 o eliminaci\u00f3 de cookies d\u2019aquest lloc web.&nbsp;Aquestes accions es realitzen de forma diferent en funci\u00f3 del navegador que estigui utilitzant.&nbsp;<a href=\"http:\/\/camponavarino.com\/mas-informacion-sobre-las-cookies\/#navegadores\">Aqu\u00ed us deixem una guia r\u00e0pida per als navegadors m\u00e9s populars<\/a>&nbsp;.<\/p>\n\n\n\n<h4 class=\"wp-block-heading\">Notes addicionals<\/h4>\n\n\n\n<ul class=\"wp-block-list\">\n<li>Ni aquesta web ni els seus representants legals es fan responsables ni del contingut ni de la veracitat de les pol\u00edtiques de privacitat que puguin tenir els tercers esmentats en aquesta pol\u00edtica de&nbsp;<em>cookies<\/em>&nbsp;.<\/li>\n\n\n\n<li>Els navegadors web s\u00f3n les eines encarregades d\u2019emmagatzemar les&nbsp;<em>cookies<\/em>&nbsp;i des d\u2019aquest lloc ha de fer el seu dret a eliminaci\u00f3 o desactivaci\u00f3 de les mateixes.&nbsp;Ni aquesta web ni els seus representants legals poden garantir la correcta o incorrecta manipulaci\u00f3 de les&nbsp;<em>cookies<\/em>&nbsp;per part dels esmentats navegadors.<\/li>\n\n\n\n<li>En alguns casos \u00e9s necessari instal \u00b7 lar&nbsp;<em>cookies<\/em>&nbsp;perqu\u00e8 el navegador no oblidi la seva decisi\u00f3 de no acceptaci\u00f3 de les mateixes.<\/li>\n\n\n\n<li>En el cas de les&nbsp;<em>cookies<\/em>&nbsp;de Google Analytics, aquesta empresa emmagatzema les&nbsp;<em>cookies<\/em>&nbsp;en els servidors als Estats Units i es compromet a no compartir-la amb tercers, excepte en els casos en qu\u00e8 sigui necessari per al funcionament del sistema o quan la llei obligui a aquest efecte.&nbsp;Segons Google no guarda la seva adre\u00e7a IP.&nbsp;Google Inc \u00e9s una companyia adherida a l\u2019Acord de Port Segur que garanteix que totes les dades transferides seran tractats amb un nivell de protecci\u00f3 d\u2019acord amb la normativa europea.&nbsp;Podeu consultar informaci\u00f3 detallada referent a aix\u00f2&nbsp;<a href=\"http:\/\/safeharbor.export.gov\/companyinfo.aspx?id=16626\" target=\"_blank\" rel=\"noreferrer noopener\">en aquest enlla\u00e7<\/a>.&nbsp;Si desitja informaci\u00f3 sobre l\u2019\u00fas que Google d\u00f3na a les cookies&nbsp;<a href=\"https:\/\/developers.google.com\/analytics\/devguides\/collection\/analyticsjs\/cookie-usage?hl=es&amp;csw=1\" target=\"_blank\" rel=\"noreferrer noopener\">li adjuntem aquest altre enlla\u00e7<\/a>&nbsp;.<\/li>\n\n\n\n<li>Per a qualsevol dubte o consulta sobre aquesta pol\u00edtica de&nbsp;<em>cookies<\/em>&nbsp;no dubti en comunicar-se amb nosaltres a trav\u00e9s de la secci\u00f3 de contacte.<\/li>\n<\/ul>","protected":false},"excerpt":{"rendered":"<p>Una&nbsp;galeta&nbsp;\u00e9s un petit fitxer de text que s\u2019emmagatzema en el seu navegador quan visita gaireb\u00e9 qualsevol p\u00e0gina web.&nbsp;La seva utilitat \u00e9s que la web sigui capa\u00e7 de recordar la seva visita quan torni a navegar per aquesta p\u00e0gina.&nbsp;Les&nbsp;cookies&nbsp;solen emmagatzemar informaci\u00f3 de car\u00e0cter t\u00e8cnic, prefer\u00e8ncies personals, personalitzaci\u00f3 de continguts, estad\u00edstiques d\u2019\u00fas, enlla\u00e7os a xarxes socials, acc\u00e9s &#8230; <a title=\"Pol\u00edtica de cookies\" class=\"read-more\" href=\"https:\/\/3denou.com\/es\/politica-de-cookies\/\" aria-label=\"Leer m\u00e1s sobre Pol\u00edtica de cookies\">Leer m\u00e1s<\/a><\/p>","protected":false},"author":1,"featured_media":0,"parent":0,"menu_order":0,"comment_status":"closed","ping_status":"closed","template":"","meta":{"_acf_changed":false,"_joinchat":[],"footnotes":""},"class_list":["post-110","page","type-page","status-publish"],"acf":[],"yoast_head":"<!-- This site is optimized with the Yoast SEO plugin v26.5 - https:\/\/yoast.com\/wordpress\/plugins\/seo\/ -->\n<title>Pol\u00edtica de cookies - 3denou<\/title>\n<meta name=\"robots\" content=\"index, follow, max-snippet:-1, max-image-preview:large, max-video-preview:-1\" \/>\n<link rel=\"canonical\" href=\"https:\/\/3denou.com\/es\/politica-de-cookies\/\" \/>\n<meta property=\"og:locale\" content=\"es_ES\" \/>\n<meta property=\"og:type\" content=\"article\" \/>\n<meta property=\"og:title\" content=\"Pol\u00edtica de cookies - 3denou\" \/>\n<meta property=\"og:description\" content=\"Una&nbsp;galeta&nbsp;\u00e9s un petit fitxer de text que s\u2019emmagatzema en el seu navegador quan visita gaireb\u00e9 qualsevol p\u00e0gina web.&nbsp;La seva utilitat \u00e9s que la web sigui capa\u00e7 de recordar la seva visita quan torni a navegar per aquesta p\u00e0gina.&nbsp;Les&nbsp;cookies&nbsp;solen emmagatzemar informaci\u00f3 de car\u00e0cter t\u00e8cnic, prefer\u00e8ncies personals, personalitzaci\u00f3 de continguts, estad\u00edstiques d\u2019\u00fas, enlla\u00e7os a xarxes socials, acc\u00e9s ... Leer m\u00e1s\" \/>\n<meta property=\"og:url\" content=\"https:\/\/3denou.com\/es\/politica-de-cookies\/\" \/>\n<meta property=\"og:site_name\" content=\"3denou\" \/>\n<meta property=\"article:publisher\" content=\"https:\/\/www.facebook.com\/people\/3denou-Publicitat\/100063588969357\/\" \/>\n<meta property=\"article:modified_time\" content=\"2025-05-05T09:43:52+00:00\" \/>\n<meta name=\"twitter:card\" content=\"summary_large_image\" \/>\n<meta name=\"twitter:label1\" content=\"Tiempo de lectura\" \/>\n\t<meta name=\"twitter:data1\" content=\"4 minutos\" \/>\n<script type=\"application\/ld+json\" class=\"yoast-schema-graph\">{\"@context\":\"https:\/\/schema.org\",\"@graph\":[{\"@type\":\"WebPage\",\"@id\":\"https:\/\/3denou.com\/politica-de-cookies\/\",\"url\":\"https:\/\/3denou.com\/politica-de-cookies\/\",\"name\":\"Pol\u00edtica de cookies - 3denou\",\"isPartOf\":{\"@id\":\"https:\/\/3denou.com\/#website\"},\"datePublished\":\"2023-08-10T16:45:12+00:00\",\"dateModified\":\"2025-05-05T09:43:52+00:00\",\"breadcrumb\":{\"@id\":\"https:\/\/3denou.com\/politica-de-cookies\/#breadcrumb\"},\"inLanguage\":\"es\",\"potentialAction\":[{\"@type\":\"ReadAction\",\"target\":[\"https:\/\/3denou.com\/politica-de-cookies\/\"]}]},{\"@type\":\"BreadcrumbList\",\"@id\":\"https:\/\/3denou.com\/politica-de-cookies\/#breadcrumb\",\"itemListElement\":[{\"@type\":\"ListItem\",\"position\":1,\"name\":\"Inici\",\"item\":\"https:\/\/3denou.com\/\"},{\"@type\":\"ListItem\",\"position\":2,\"name\":\"Pol\u00edtica de cookies\"}]},{\"@type\":\"WebSite\",\"@id\":\"https:\/\/3denou.com\/#website\",\"url\":\"https:\/\/3denou.com\/\",\"name\":\"3denou\",\"description\":\"disseny gr\u00e0fic\",\"publisher\":{\"@id\":\"https:\/\/3denou.com\/#organization\"},\"potentialAction\":[{\"@type\":\"SearchAction\",\"target\":{\"@type\":\"EntryPoint\",\"urlTemplate\":\"https:\/\/3denou.com\/?s={search_term_string}\"},\"query-input\":{\"@type\":\"PropertyValueSpecification\",\"valueRequired\":true,\"valueName\":\"search_term_string\"}}],\"inLanguage\":\"es\"},{\"@type\":\"Organization\",\"@id\":\"https:\/\/3denou.com\/#organization\",\"name\":\"3denou\",\"url\":\"https:\/\/3denou.com\/\",\"logo\":{\"@type\":\"ImageObject\",\"inLanguage\":\"es\",\"@id\":\"https:\/\/3denou.com\/#\/schema\/logo\/image\/\",\"url\":\"https:\/\/3denou.com\/wp-content\/uploads\/2023\/08\/3denou_logo.jpg\",\"contentUrl\":\"https:\/\/3denou.com\/wp-content\/uploads\/2023\/08\/3denou_logo.jpg\",\"width\":166,\"height\":70,\"caption\":\"3denou\"},\"image\":{\"@id\":\"https:\/\/3denou.com\/#\/schema\/logo\/image\/\"},\"sameAs\":[\"https:\/\/www.facebook.com\/people\/3denou-Publicitat\/100063588969357\/\",\"https:\/\/www.instagram.com\/3denou_dissenygrafic\/\"]}]}<\/script>\n<!-- \/ Yoast SEO plugin. -->","yoast_head_json":{"title":"Pol\u00edtica de cookies - 3denou","robots":{"index":"index","follow":"follow","max-snippet":"max-snippet:-1","max-image-preview":"max-image-preview:large","max-video-preview":"max-video-preview:-1"},"canonical":"https:\/\/3denou.com\/es\/politica-de-cookies\/","og_locale":"es_ES","og_type":"article","og_title":"Pol\u00edtica de cookies - 3denou","og_description":"Una&nbsp;galeta&nbsp;\u00e9s un petit fitxer de text que s\u2019emmagatzema en el seu navegador quan visita gaireb\u00e9 qualsevol p\u00e0gina web.&nbsp;La seva utilitat \u00e9s que la web sigui capa\u00e7 de recordar la seva visita quan torni a navegar per aquesta p\u00e0gina.&nbsp;Les&nbsp;cookies&nbsp;solen emmagatzemar informaci\u00f3 de car\u00e0cter t\u00e8cnic, prefer\u00e8ncies personals, personalitzaci\u00f3 de continguts, estad\u00edstiques d\u2019\u00fas, enlla\u00e7os a xarxes socials, acc\u00e9s ... Leer m\u00e1s","og_url":"https:\/\/3denou.com\/es\/politica-de-cookies\/","og_site_name":"3denou","article_publisher":"https:\/\/www.facebook.com\/people\/3denou-Publicitat\/100063588969357\/","article_modified_time":"2025-05-05T09:43:52+00:00","twitter_card":"summary_large_image","twitter_misc":{"Tiempo de lectura":"4 minutos"},"schema":{"@context":"https:\/\/schema.org","@graph":[{"@type":"WebPage","@id":"https:\/\/3denou.com\/politica-de-cookies\/","url":"https:\/\/3denou.com\/politica-de-cookies\/","name":"Pol\u00edtica de cookies - 3denou","isPartOf":{"@id":"https:\/\/3denou.com\/#website"},"datePublished":"2023-08-10T16:45:12+00:00","dateModified":"2025-05-05T09:43:52+00:00","breadcrumb":{"@id":"https:\/\/3denou.com\/politica-de-cookies\/#breadcrumb"},"inLanguage":"es","potentialAction":[{"@type":"ReadAction","target":["https:\/\/3denou.com\/politica-de-cookies\/"]}]},{"@type":"BreadcrumbList","@id":"https:\/\/3denou.com\/politica-de-cookies\/#breadcrumb","itemListElement":[{"@type":"ListItem","position":1,"name":"Inici","item":"https:\/\/3denou.com\/"},{"@type":"ListItem","position":2,"name":"Pol\u00edtica de cookies"}]},{"@type":"WebSite","@id":"https:\/\/3denou.com\/#website","url":"https:\/\/3denou.com\/","name":"3denou","description":"disseny gr\u00e0fic","publisher":{"@id":"https:\/\/3denou.com\/#organization"},"potentialAction":[{"@type":"SearchAction","target":{"@type":"EntryPoint","urlTemplate":"https:\/\/3denou.com\/?s={search_term_string}"},"query-input":{"@type":"PropertyValueSpecification","valueRequired":true,"valueName":"search_term_string"}}],"inLanguage":"es"},{"@type":"Organization","@id":"https:\/\/3denou.com\/#organization","name":"3denou","url":"https:\/\/3denou.com\/","logo":{"@type":"ImageObject","inLanguage":"es","@id":"https:\/\/3denou.com\/#\/schema\/logo\/image\/","url":"https:\/\/3denou.com\/wp-content\/uploads\/2023\/08\/3denou_logo.jpg","contentUrl":"https:\/\/3denou.com\/wp-content\/uploads\/2023\/08\/3denou_logo.jpg","width":166,"height":70,"caption":"3denou"},"image":{"@id":"https:\/\/3denou.com\/#\/schema\/logo\/image\/"},"sameAs":["https:\/\/www.facebook.com\/people\/3denou-Publicitat\/100063588969357\/","https:\/\/www.instagram.com\/3denou_dissenygrafic\/"]}]}},"_links":{"self":[{"href":"https:\/\/3denou.com\/es\/wp-json\/wp\/v2\/pages\/110","targetHints":{"allow":["GET"]}}],"collection":[{"href":"https:\/\/3denou.com\/es\/wp-json\/wp\/v2\/pages"}],"about":[{"href":"https:\/\/3denou.com\/es\/wp-json\/wp\/v2\/types\/page"}],"author":[{"embeddable":true,"href":"https:\/\/3denou.com\/es\/wp-json\/wp\/v2\/users\/1"}],"replies":[{"embeddable":true,"href":"https:\/\/3denou.com\/es\/wp-json\/wp\/v2\/comments?post=110"}],"version-history":[{"count":2,"href":"https:\/\/3denou.com\/es\/wp-json\/wp\/v2\/pages\/110\/revisions"}],"predecessor-version":[{"id":2468,"href":"https:\/\/3denou.com\/es\/wp-json\/wp\/v2\/pages\/110\/revisions\/2468"}],"wp:attachment":[{"href":"https:\/\/3denou.com\/es\/wp-json\/wp\/v2\/media?parent=110"}],"curies":[{"name":"wp","href":"https:\/\/api.w.org\/{rel}","templated":true}]}}